{"id":14495,"date":"2025-09-21T09:40:42","date_gmt":"2025-09-21T07:40:42","guid":{"rendered":"https:\/\/weingut-klein.de\/wp\/catalog\/shop\/unkategorisiert\/nr-a1-2023er-dornfelder-qualitaetswein-trocken-075l\/"},"modified":"2025-11-30T12:39:31","modified_gmt":"2025-11-30T11:39:31","slug":"nr-a1-2023er-dornfelder-qualitaetswein-trocken-075l","status":"publish","type":"product","link":"https:\/\/weingut-klein.de\/wp\/catalog\/shop\/02-rotweine\/1-trockene-rotweine\/nr-a1-2023er-dornfelder-qualitaetswein-trocken-075l\/","title":{"rendered":"<br>Nr. A1 &#8212; 2023er Dornfelder Qualit\u00e4tswein trocken 0,75l<br>"},"content":{"rendered":"\n<div align=\"left\"><font size=\"1\">2023er Dornfelder Qualit\u00e4tswein trocken 0,75l<\/p>\n<p>        <\/font><font color=\"#666666\"><\/font><\/p>\n<\/div>\n<table WIDTH=\"60%\" BORDER=\"0\" align=\"left\" CELLPADDING=\"0\" CELLSPACING=\"0\"><\/p>\n<tr><\/p>\n<td width=\"53%\"><font size=\"-1\">Artikelnummer:<\/font><\/td>\n<td width=\"47%\"><font size=\"-1\"><strong>A1<\/strong><\/font><\/td>\n<p><\/tr>\n<tr><\/p>\n<td><font size=\"-1\">Inhalt<\/font><\/td>\n<td><font size=\"-1\"><strong>0,75 Ltr.<\/strong><\/font><\/td>\n<p><\/tr>\n<tr ALIGN=\"LEFT\"><\/p>\n<td><font size=\"-1\">Preis\/Ltr.<\/font><\/td>\n<td>6,67 EUR pro Ltr.<\/td>\n<p><\/tr>\n<tr><\/p>\n<td><font size=\"-1\">Weinart:<\/font><\/td>\n<td><font size=\"-1\"><strong>Rotwein<\/strong><\/font><\/td>\n<p><\/tr>\n<tr><\/p>\n<td><font size=\"-1\">Qualit&auml;tsstufe<\/font><\/td>\n<td><font size=\"-1\"><strong>Qualit\u00e4tswein<\/strong><\/font><\/td>\n<p><\/tr>\n<tr><\/p>\n<td><font size=\"-1\">Rebsorte<\/font><\/td>\n<td><font size=\"-1\"><strong>Dornfelder<\/strong><\/font><\/td>\n<p><\/tr>\n<tr>  <\/p>\n<td><font size=\"-1\">Restzuckergehalt<\/font><\/td>\n<p>  <\/p>\n<td><font size=\"-1\"><strong><\/strong><\/font><\/td>\n<p><\/tr>\n<p><\/p>\n<tr><\/p>\n<td><font size=\"-1\">Alkoholgehalt<\/font><\/td>\n<td><font size=\"-1\"><strong>12,5 Vol. %<\/strong><\/font><\/td>\n<p><\/tr>\n<p><\/p>\n<tr>\n<td><font size=\"-1\">Bio:<\/font><\/td>\n<td><font size=\"-1\"><strong>NEIN<\/strong><\/font><\/td>\n<\/tr>\n<p><\/p>\n<tr>\n<td><font size=\"-1\">vegan:<\/font><\/td>\n<td><font size=\"-1\"><strong>NEIN<\/strong><\/font><\/td>\n<\/tr>\n<p><\/p>\n<tr>\n<td><font size=\"-1\">Ursprungsland:<\/font><\/td>\n<td><font size=\"-1\"><strong><\/strong><\/font><\/td>\n<\/tr>\n<p><\/p>\n<tr>\n<td><font size=\"-1\">enth\u00e4lt Allergene:<\/font><\/td>\n<td><font size=\"-1\"><strong>Sulfite<\/strong><\/font><\/td>\n<\/tr>\n<p><\/table>\n<p>&nbsp;<\/p>\n<p><\/p>\n<p>&nbsp;<\/p>\n<p><\/p>\n<p>&nbsp;<\/p>\n<p><\/p>\n<p><font size=\"-1\" face=\"Arial, Helvetica, sans-serif\">enth\u00e4lt Sulfite<\/font><\/p>\n","protected":false},"excerpt":{"rendered":"<p>2023er Dornfelder Qualit\u00e4tswein trocken 0,75l Artikelnummer: A1 Inhalt 0,75 Ltr. Preis\/Ltr. 6,67 EUR pro Ltr. Weinart: Rotwein Qualit&auml;tsstufe Qualit\u00e4tswein Rebsorte Dornfelder Restzuckergehalt Alkoholgehalt 12,5 Vol. % Bio: NEIN vegan: NEIN Ursprungsland: enth\u00e4lt Allergene: Sulfite &nbsp; &nbsp; &nbsp; enth\u00e4lt Sulfite<\/p>\n","protected":false},"featured_media":13731,"comment_status":"open","ping_status":"closed","template":"","meta":[],"product_brand":[],"product_cat":[2852,2879],"product_tag":[],"class_list":{"0":"post-14495","1":"product","2":"type-product","3":"status-publish","4":"has-post-thumbnail","6":"product_cat-02-rotweine","7":"product_cat-1-trockene-rotweine","9":"first","10":"instock","11":"taxable","12":"shipping-taxable","13":"purchasable","14":"product-type-simple"},"_links":{"self":[{"href":"https:\/\/weingut-klein.de\/wp\/catalog\/wp-json\/wp\/v2\/product\/14495","targetHints":{"allow":["GET"]}}],"collection":[{"href":"https:\/\/weingut-klein.de\/wp\/catalog\/wp-json\/wp\/v2\/product"}],"about":[{"href":"https:\/\/weingut-klein.de\/wp\/catalog\/wp-json\/wp\/v2\/types\/product"}],"replies":[{"embeddable":true,"href":"https:\/\/weingut-klein.de\/wp\/catalog\/wp-json\/wp\/v2\/comments?post=14495"}],"wp:featuredmedia":[{"embeddable":true,"href":"https:\/\/weingut-klein.de\/wp\/catalog\/wp-json\/wp\/v2\/media\/13731"}],"wp:attachment":[{"href":"https:\/\/weingut-klein.de\/wp\/catalog\/wp-json\/wp\/v2\/media?parent=14495"}],"wp:term":[{"taxonomy":"product_brand","embeddable":true,"href":"https:\/\/weingut-klein.de\/wp\/catalog\/wp-json\/wp\/v2\/product_brand?post=14495"},{"taxonomy":"product_cat","embeddable":true,"href":"https:\/\/weingut-klein.de\/wp\/catalog\/wp-json\/wp\/v2\/product_cat?post=14495"},{"taxonomy":"product_tag","embeddable":true,"href":"https:\/\/weingut-klein.de\/wp\/catalog\/wp-json\/wp\/v2\/product_tag?post=14495"}],"curies":[{"name":"wp","href":"https:\/\/api.w.org\/{rel}","templated":true}]}}